{"id":1256,"date":"2025-09-22T19:06:17","date_gmt":"2025-09-22T19:06:17","guid":{"rendered":"https:\/\/cafebarloschatos.es\/home-2\/"},"modified":"2025-10-12T14:48:28","modified_gmt":"2025-10-12T14:48:28","slug":"home-2","status":"publish","type":"page","link":"https:\/\/cafebarloschatos.es\/en\/","title":{"rendered":"Home"},"content":{"rendered":"<div data-elementor-type=\"wp-page\" data-elementor-id=\"1256\" class=\"elementor elementor-1256\">\n\t\t\t\t<div class=\"elementor-element elementor-element-93a966b e-flex e-con-boxed e-con e-parent\" data-id=\"93a966b\" data-element_type=\"container\" data-settings=\"{&quot;background_background&quot;:&quot;classic&quot;}\">\n\t\t\t\t\t<div class=\"e-con-inner\">\n\t\t<div class=\"elementor-element elementor-element-018abcf e-con-full e-flex e-con e-child\" data-id=\"018abcf\" data-element_type=\"container\">\n\t\t\t\t<div class=\"elementor-element elementor-element-e3cf46e elementor-widget elementor-widget-heading\" data-id=\"e3cf46e\" data-element_type=\"widget\" data-widget_type=\"heading.default\">\n\t\t\t\t<div class=\"elementor-widget-container\">\n\t\t\t\t\t<h2 class=\"elementor-heading-title elementor-size-default\">Cocina tradicional manchega<\/h2>\t\t\t\t<\/div>\n\t\t\t\t<\/div>\n\t\t\t\t<div class=\"elementor-element elementor-element-280a15b elementor-widget elementor-widget-hfe-infocard\" data-id=\"280a15b\" data-element_type=\"widget\" data-widget_type=\"hfe-infocard.default\">\n\t\t\t\t<div class=\"elementor-widget-container\">\n\t\t\t\t\t\n\t\t<div class=\"hfe-infocard\">\n\t\t\t\t\t\t\t\t\t<div class=\"hfe-infocard-title-wrap\">\n\t\t\t\t<h1 class=\"hfe-infocard-title elementor-inline-editing\" data-elementor-setting-key=\"infocard_title\" data-elementor-inline-editing-toolbar=\"basic\" >Tu mesa, tu momento, tu lugar<\/h1>\t\t\t<\/div>\n\t\t\t\t\t\t<div class=\"hfe-infocard-text-wrap\">\n\t\t\t\t<div class=\"hfe-infocard-text elementor-inline-editing\" data-elementor-setting-key=\"infocard_description\" data-elementor-inline-editing-toolbar=\"advanced\">\n\t\t\t\t\tDisfruta de una experiencia aut\u00e9ntica donde cada plato se prepara con cari\u00f1o, cada bocado sabe a hogar y cada visita se vive como en casa. Desde los almuerzos de siempre hasta el tardeo de los s\u00e1bados, aqu\u00ed se viene a disfrutar.\t\t\t\t<\/div>\n\t\t\t\t\t\t\t<\/div>\n\t\t<\/div>\n\n\t\t\t\t\t\t<\/div>\n\t\t\t\t<\/div>\n\t\t<div class=\"elementor-element elementor-element-4b31cda e-con-full e-flex e-con e-child\" data-id=\"4b31cda\" data-element_type=\"container\">\n\t\t<div class=\"elementor-element elementor-element-ff6a699 e-con-full e-flex e-con e-child\" data-id=\"ff6a699\" data-element_type=\"container\">\n\t\t\t\t<div class=\"elementor-element elementor-element-d5b442c elementor-align-center elementor-mobile-align-center elementor-widget elementor-widget-button\" data-id=\"d5b442c\" data-element_type=\"widget\" data-widget_type=\"button.default\">\n\t\t\t\t<div class=\"elementor-widget-container\">\n\t\t\t\t\t\t\t\t\t<div class=\"elementor-button-wrapper\">\n\t\t\t\t\t<a class=\"elementor-button elementor-button-link elementor-size-lg\" href=\"https:\/\/cafebarloschatos.es\/en\/servicios\/\">\n\t\t\t\t\t\t<span class=\"elementor-button-content-wrapper\">\n\t\t\t\t\t\t\t\t\t<span class=\"elementor-button-text\">SERVICIOS<\/span>\n\t\t\t\t\t<\/span>\n\t\t\t\t\t<\/a>\n\t\t\t\t<\/div>\n\t\t\t\t\t\t\t\t<\/div>\n\t\t\t\t<\/div>\n\t\t\t\t<\/div>\n\t\t<div class=\"elementor-element elementor-element-1287f27 e-con-full e-flex e-con e-child\" data-id=\"1287f27\" data-element_type=\"container\">\n\t\t\t\t<div class=\"elementor-element elementor-element-fb6dd67 elementor-align-center elementor-mobile-align-center elementor-widget elementor-widget-button\" data-id=\"fb6dd67\" data-element_type=\"widget\" data-widget_type=\"button.default\">\n\t\t\t\t<div class=\"elementor-widget-container\">\n\t\t\t\t\t\t\t\t\t<div class=\"elementor-button-wrapper\">\n\t\t\t\t\t<a class=\"elementor-button elementor-button-link elementor-size-lg\" href=\"https:\/\/cafebarloschatos.es\/en\/menu\/\">\n\t\t\t\t\t\t<span class=\"elementor-button-content-wrapper\">\n\t\t\t\t\t\t\t\t\t<span class=\"elementor-button-text\">MEN\u00da<\/span>\n\t\t\t\t\t<\/span>\n\t\t\t\t\t<\/a>\n\t\t\t\t<\/div>\n\t\t\t\t\t\t\t\t<\/div>\n\t\t\t\t<\/div>\n\t\t\t\t<\/div>\n\t\t\t\t<\/div>\n\t\t\t\t<\/div>\n\t\t\t\t\t<\/div>\n\t\t\t\t<\/div>\n\t\t<div class=\"elementor-element elementor-element-bdd7250 e-flex e-con-boxed e-con e-parent\" data-id=\"bdd7250\" data-element_type=\"container\">\n\t\t\t\t\t<div class=\"e-con-inner\">\n\t\t<div class=\"elementor-element elementor-element-a6b15c5 e-con-full e-flex e-con e-child\" data-id=\"a6b15c5\" data-element_type=\"container\">\n\t\t<div class=\"elementor-element elementor-element-70ea3da e-con-full e-flex e-con e-child\" data-id=\"70ea3da\" data-element_type=\"container\" data-settings=\"{&quot;background_background&quot;:&quot;classic&quot;}\">\n\t\t\t\t<div class=\"elementor-element elementor-element-f27195c elementor-widget elementor-widget-heading\" data-id=\"f27195c\" data-element_type=\"widget\" data-widget_type=\"heading.default\">\n\t\t\t\t<div class=\"elementor-widget-container\">\n\t\t\t\t\t<h2 class=\"elementor-heading-title elementor-size-default\">Desayunos<\/h2>\t\t\t\t<\/div>\n\t\t\t\t<\/div>\n\t\t\t\t<\/div>\n\t\t<div class=\"elementor-element elementor-element-5d77991 e-con-full e-flex e-con e-child\" data-id=\"5d77991\" data-element_type=\"container\" data-settings=\"{&quot;background_background&quot;:&quot;classic&quot;}\">\n\t\t\t\t<div class=\"elementor-element elementor-element-41ffe3e elementor-widget elementor-widget-heading\" data-id=\"41ffe3e\" data-element_type=\"widget\" data-widget_type=\"heading.default\">\n\t\t\t\t<div class=\"elementor-widget-container\">\n\t\t\t\t\t<h2 class=\"elementor-heading-title elementor-size-default\">Raciones y tapas<\/h2>\t\t\t\t<\/div>\n\t\t\t\t<\/div>\n\t\t\t\t<\/div>\n\t\t\t\t<\/div>\n\t\t<div class=\"elementor-element elementor-element-7d756ac e-con-full e-flex e-con e-child\" data-id=\"7d756ac\" data-element_type=\"container\">\n\t\t<div class=\"elementor-element elementor-element-a0754e1 e-con-full e-flex e-con e-child\" data-id=\"a0754e1\" data-element_type=\"container\" data-settings=\"{&quot;background_background&quot;:&quot;classic&quot;}\">\n\t\t\t\t<div class=\"elementor-element elementor-element-c98e841 elementor-widget elementor-widget-heading\" data-id=\"c98e841\" data-element_type=\"widget\" data-widget_type=\"heading.default\">\n\t\t\t\t<div class=\"elementor-widget-container\">\n\t\t\t\t\t<h2 class=\"elementor-heading-title elementor-size-default\">Almuerzos<\/h2>\t\t\t\t<\/div>\n\t\t\t\t<\/div>\n\t\t\t\t<\/div>\n\t\t<div class=\"elementor-element elementor-element-9ef536a e-con-full e-flex e-con e-child\" data-id=\"9ef536a\" data-element_type=\"container\" data-settings=\"{&quot;background_background&quot;:&quot;classic&quot;}\">\n\t\t\t\t<div class=\"elementor-element elementor-element-3bbee5a elementor-widget elementor-widget-heading\" data-id=\"3bbee5a\" data-element_type=\"widget\" data-widget_type=\"heading.default\">\n\t\t\t\t<div class=\"elementor-widget-container\">\n\t\t\t\t\t<h2 class=\"elementor-heading-title elementor-size-default\">Tardeo<\/h2>\t\t\t\t<\/div>\n\t\t\t\t<\/div>\n\t\t\t\t<\/div>\n\t\t\t\t<\/div>\n\t\t<div class=\"elementor-element elementor-element-03056d2 e-con-full e-flex e-con e-child\" data-id=\"03056d2\" data-element_type=\"container\">\n\t\t<div class=\"elementor-element elementor-element-14f09c2 e-con-full e-flex e-con e-child\" data-id=\"14f09c2\" data-element_type=\"container\" data-settings=\"{&quot;background_background&quot;:&quot;classic&quot;}\">\n\t\t\t\t<div class=\"elementor-element elementor-element-540b4db elementor-widget elementor-widget-heading\" data-id=\"540b4db\" data-element_type=\"widget\" data-widget_type=\"heading.default\">\n\t\t\t\t<div class=\"elementor-widget-container\">\n\t\t\t\t\t<h2 class=\"elementor-heading-title elementor-size-default\">Men\u00fa diario<\/h2>\t\t\t\t<\/div>\n\t\t\t\t<\/div>\n\t\t\t\t<\/div>\n\t\t<div class=\"elementor-element elementor-element-3108c68 e-con-full e-flex e-con e-child\" data-id=\"3108c68\" data-element_type=\"container\" data-settings=\"{&quot;background_background&quot;:&quot;classic&quot;}\">\n\t\t\t\t<div class=\"elementor-element elementor-element-138854c elementor-widget elementor-widget-heading\" data-id=\"138854c\" data-element_type=\"widget\" data-widget_type=\"heading.default\">\n\t\t\t\t<div class=\"elementor-widget-container\">\n\t\t\t\t\t<h2 class=\"elementor-heading-title elementor-size-default\">Take Away<\/h2>\t\t\t\t<\/div>\n\t\t\t\t<\/div>\n\t\t\t\t<\/div>\n\t\t\t\t<\/div>\n\t\t<div class=\"elementor-element elementor-element-6647cb8 e-con-full e-flex e-con e-child\" data-id=\"6647cb8\" data-element_type=\"container\">\n\t\t<div class=\"elementor-element elementor-element-b5c217a e-con-full e-flex e-con e-child\" data-id=\"b5c217a\" data-element_type=\"container\" data-settings=\"{&quot;background_background&quot;:&quot;classic&quot;}\">\n\t\t\t\t<div class=\"elementor-element elementor-element-9e22311 elementor-widget elementor-widget-heading\" data-id=\"9e22311\" data-element_type=\"widget\" data-widget_type=\"heading.default\">\n\t\t\t\t<div class=\"elementor-widget-container\">\n\t\t\t\t\t<h2 class=\"elementor-heading-title elementor-size-default\">Postres caseros<\/h2>\t\t\t\t<\/div>\n\t\t\t\t<\/div>\n\t\t\t\t<\/div>\n\t\t<div class=\"elementor-element elementor-element-fb1f5ab e-con-full e-flex e-con e-child\" data-id=\"fb1f5ab\" data-element_type=\"container\" data-settings=\"{&quot;background_background&quot;:&quot;classic&quot;}\">\n\t\t\t\t<div class=\"elementor-element elementor-element-d1cb975 elementor-widget elementor-widget-heading\" data-id=\"d1cb975\" data-element_type=\"widget\" data-widget_type=\"heading.default\">\n\t\t\t\t<div class=\"elementor-widget-container\">\n\t\t\t\t\t<h2 class=\"elementor-heading-title elementor-size-default\">Eventos<\/h2>\t\t\t\t<\/div>\n\t\t\t\t<\/div>\n\t\t\t\t<\/div>\n\t\t\t\t<\/div>\n\t\t\t\t\t<\/div>\n\t\t\t\t<\/div>\n\t\t<div class=\"elementor-element elementor-element-adf2e66 e-flex e-con-boxed e-con e-parent\" data-id=\"adf2e66\" data-element_type=\"container\" data-settings=\"{&quot;background_background&quot;:&quot;classic&quot;}\">\n\t\t\t\t\t<div class=\"e-con-inner\">\n\t\t<div class=\"elementor-element elementor-element-1484cea e-con-full e-flex e-con e-child\" data-id=\"1484cea\" data-element_type=\"container\">\n\t\t\t\t<div class=\"elementor-element elementor-element-dfaa4ac elementor-widget elementor-widget-heading\" data-id=\"dfaa4ac\" data-element_type=\"widget\" data-widget_type=\"heading.default\">\n\t\t\t\t<div class=\"elementor-widget-container\">\n\t\t\t\t\t<h2 class=\"elementor-heading-title elementor-size-default\">Sobre nosotros<\/h2>\t\t\t\t<\/div>\n\t\t\t\t<\/div>\n\t\t\t\t<\/div>\n\t\t<div class=\"elementor-element elementor-element-9e967ca e-con-full e-flex e-con e-child\" data-id=\"9e967ca\" data-element_type=\"container\">\n\t\t\t\t<div class=\"elementor-element elementor-element-e15f0d4 elementor-widget elementor-widget-text-editor\" data-id=\"e15f0d4\" data-element_type=\"widget\" data-widget_type=\"text-editor.default\">\n\t\t\t\t<div class=\"elementor-widget-container\">\n\t\t\t\t\t\t\t\t\t<p data-start=\"197\" data-end=\"413\">Somos m\u00e1s que un bar o un restaurante: <strong>somos ese lugar donde siempre hay un hueco para ti. <\/strong>Un punto de encuentro donde la comida casera, el ambiente familiar y las risas se mezclan cada d\u00eda alrededor de una mesa.<\/p>\t\t\t\t\t\t\t\t<\/div>\n\t\t\t\t<\/div>\n\t\t\t\t<div class=\"elementor-element elementor-element-21bca4b elementor-widget elementor-widget-text-editor\" data-id=\"21bca4b\" data-element_type=\"widget\" data-widget_type=\"text-editor.default\">\n\t\t\t\t<div class=\"elementor-widget-container\">\n\t\t\t\t\t\t\t\t\t<p data-start=\"415\" data-end=\"725\">Nos apasiona mantener viva la tradici\u00f3n manchega con platos hechos con mimo, ingredientes de calidad y el sabor de siempre. Desde los almuerzos que recargan energ\u00eda hasta los men\u00fas diarios para llevar, pasando por el tardeo de los s\u00e1bados o una simple ca\u00f1a al sol\u2026 cada momento aqu\u00ed se disfruta como en casa.<\/p>\t\t\t\t\t\t\t\t<\/div>\n\t\t\t\t<\/div>\n\t\t\t\t<div class=\"elementor-element elementor-element-b2827ab elementor-widget elementor-widget-text-editor\" data-id=\"b2827ab\" data-element_type=\"widget\" data-widget_type=\"text-editor.default\">\n\t\t\t\t<div class=\"elementor-widget-container\">\n\t\t\t\t\t\t\t\t\t<p data-start=\"415\" data-end=\"725\">Creemos que comer bien no solo es una necesidad, sino un placer. Por eso, cuidamos cada detalle para que cada visita se convierta en una experiencia de sabor, cercan\u00eda y buen ambiente.<\/p>\t\t\t\t\t\t\t\t<\/div>\n\t\t\t\t<\/div>\n\t\t\t\t<div class=\"elementor-element elementor-element-77398d6 elementor-tablet-align-center elementor-widget elementor-widget-button\" data-id=\"77398d6\" data-element_type=\"widget\" data-widget_type=\"button.default\">\n\t\t\t\t<div class=\"elementor-widget-container\">\n\t\t\t\t\t\t\t\t\t<div class=\"elementor-button-wrapper\">\n\t\t\t\t\t<a class=\"elementor-button elementor-button-link elementor-size-sm\" href=\"https:\/\/cafebarloschatos.es\/en\/contacto\/\">\n\t\t\t\t\t\t<span class=\"elementor-button-content-wrapper\">\n\t\t\t\t\t\t\t\t\t<span class=\"elementor-button-text\">CONTACTO<\/span>\n\t\t\t\t\t<\/span>\n\t\t\t\t\t<\/a>\n\t\t\t\t<\/div>\n\t\t\t\t\t\t\t\t<\/div>\n\t\t\t\t<\/div>\n\t\t\t\t<\/div>\n\t\t\t\t\t<\/div>\n\t\t\t\t<\/div>\n\t\t<div class=\"elementor-element elementor-element-d970c71 e-flex e-con-boxed e-con e-parent\" data-id=\"d970c71\" data-element_type=\"container\" data-settings=\"{&quot;background_background&quot;:&quot;classic&quot;}\">\n\t\t\t\t\t<div class=\"e-con-inner\">\n\t\t<div class=\"elementor-element elementor-element-a5be9c4 e-con-full e-flex e-con e-child\" data-id=\"a5be9c4\" data-element_type=\"container\">\n\t\t\t\t<div class=\"elementor-element elementor-element-7698d76 elementor-align-center elementor-widget elementor-widget-button\" data-id=\"7698d76\" data-element_type=\"widget\" data-widget_type=\"button.default\">\n\t\t\t\t<div class=\"elementor-widget-container\">\n\t\t\t\t\t\t\t\t\t<div class=\"elementor-button-wrapper\">\n\t\t\t\t\t<a class=\"elementor-button elementor-button-link elementor-size-lg\" href=\"https:\/\/api.whatsapp.com\/send?phone=34665929494&#038;text=Quiero%20reservar%20una%20mesa\">\n\t\t\t\t\t\t<span class=\"elementor-button-content-wrapper\">\n\t\t\t\t\t\t\t\t\t<span class=\"elementor-button-text\">RESERVA<\/span>\n\t\t\t\t\t<\/span>\n\t\t\t\t\t<\/a>\n\t\t\t\t<\/div>\n\t\t\t\t\t\t\t\t<\/div>\n\t\t\t\t<\/div>\n\t\t\t\t<div class=\"elementor-element elementor-element-665ab9e elementor-widget elementor-widget-hfe-infocard\" data-id=\"665ab9e\" data-element_type=\"widget\" data-widget_type=\"hfe-infocard.default\">\n\t\t\t\t<div class=\"elementor-widget-container\">\n\t\t\t\t\t\n\t\t<div class=\"hfe-infocard\">\n\t\t\t\t\t\t\t\t\t<div class=\"hfe-infocard-title-wrap\">\n\t\t\t\t<h2 class=\"hfe-infocard-title elementor-inline-editing\" data-elementor-setting-key=\"infocard_title\" data-elementor-inline-editing-toolbar=\"basic\" >Tu mesa te est\u00e1 esperando<\/h2>\t\t\t<\/div>\n\t\t\t\t\t\t<div class=\"hfe-infocard-text-wrap\">\n\t\t\t\t<div class=\"hfe-infocard-text elementor-inline-editing\" data-elementor-setting-key=\"infocard_description\" data-elementor-inline-editing-toolbar=\"advanced\">\n\t\t\t\t\tPorque no hay nada como disfrutar de una buena comida en buena compa\u00f1\u00eda.\nSabores caseros, platos de siempre y un ambiente que te har\u00e1 sentir como en casa.\t\t\t\t<\/div>\n\t\t\t\t\t\t\t<\/div>\n\t\t<\/div>\n\n\t\t\t\t\t\t<\/div>\n\t\t\t\t<\/div>\n\t\t\t\t<\/div>\n\t\t\t\t\t<\/div>\n\t\t\t\t<\/div>\n\t\t\t\t<\/div>","protected":false},"excerpt":{"rendered":"<p>Cocina tradicional manchega Tu mesa, tu momento, tu lugar Disfruta de una experiencia aut\u00e9ntica donde cada plato se prepara con cari\u00f1o, cada bocado sabe a hogar y cada visita se vive como en casa. Desde los almuerzos de siempre hasta el tardeo de los s\u00e1bados, aqu\u00ed se viene a disfrutar. SERVICIOS MEN\u00da Desayunos Raciones y [&hellip;]<\/p>","protected":false},"author":1,"featured_media":0,"parent":0,"menu_order":0,"comment_status":"closed","ping_status":"closed","template":"","meta":{"_surecart_dashboard_logo_width":"180px","_surecart_dashboard_show_logo":true,"_surecart_dashboard_navigation_orders":true,"_surecart_dashboard_navigation_invoices":true,"_surecart_dashboard_navigation_subscriptions":true,"_surecart_dashboard_navigation_downloads":true,"_surecart_dashboard_navigation_billing":true,"_surecart_dashboard_navigation_account":true,"_uag_custom_page_level_css":"","site-sidebar-layout":"no-sidebar","site-content-layout":"page-builder","ast-site-content-layout":"default","site-content-style":"default","site-sidebar-style":"default","ast-global-header-display":"","ast-banner-title-visibility":"","ast-main-header-display":"","ast-hfb-above-header-display":"","ast-hfb-below-header-display":"","ast-hfb-mobile-header-display":"","site-post-title":"disabled","ast-breadcrumbs-content":"","ast-featured-img":"","footer-sml-layout":"","theme-transparent-header-meta":"enabled","adv-header-id-meta":"","stick-header-meta":"","header-above-stick-meta":"","header-main-stick-meta":"","header-below-stick-meta":"","astra-migrate-meta-layouts":"default","ast-page-background-enabled":"default","ast-page-background-meta":{"desktop":{"background-color":"","background-image":"","background-repeat":"repeat","background-position":"center center","background-size":"auto","background-attachment":"scroll","background-type":"","background-media":"","overlay-type":"","overlay-color":"","overlay-opacity":"","overlay-gradient":""},"tablet":{"background-color":"","background-image":"","background-repeat":"repeat","background-position":"center center","background-size":"auto","background-attachment":"scroll","background-type":"","background-media":"","overlay-type":"","overlay-color":"","overlay-opacity":"","overlay-gradient":""},"mobile":{"background-color":"","background-image":"","background-repeat":"repeat","background-position":"center center","background-size":"auto","background-attachment":"scroll","background-type":"","background-media":"","overlay-type":"","overlay-color":"","overlay-opacity":"","overlay-gradient":""}},"ast-content-background-meta":{"desktop":{"background-color":"var(--ast-global-color-5)","background-image":"","background-repeat":"repeat","background-position":"center center","background-size":"auto","background-attachment":"scroll","background-type":"","background-media":"","overlay-type":"","overlay-color":"","overlay-opacity":"","overlay-gradient":""},"tablet":{"background-color":"var(--ast-global-color-5)","background-image":"","background-repeat":"repeat","background-position":"center center","background-size":"auto","background-attachment":"scroll","background-type":"","background-media":"","overlay-type":"","overlay-color":"","overlay-opacity":"","overlay-gradient":""},"mobile":{"background-color":"var(--ast-global-color-5)","background-image":"","background-repeat":"repeat","background-position":"center center","background-size":"auto","background-attachment":"scroll","background-type":"","background-media":"","overlay-type":"","overlay-color":"","overlay-opacity":"","overlay-gradient":""}},"footnotes":""},"class_list":["post-1256","page","type-page","status-publish","hentry"],"uagb_featured_image_src":{"full":false,"thumbnail":false,"medium":false,"medium_large":false,"large":false,"1536x1536":false,"2048x2048":false,"trp-custom-language-flag":false,"woocommerce_thumbnail":false,"woocommerce_single":false,"woocommerce_gallery_thumbnail":false},"uagb_author_info":{"display_name":"admin","author_link":"https:\/\/cafebarloschatos.es\/en\/author\/admin\/"},"uagb_comment_info":0,"uagb_excerpt":"Cocina tradicional manchega Tu mesa, tu momento, tu lugar Disfruta de una experiencia aut\u00e9ntica donde cada plato se prepara con cari\u00f1o, cada bocado sabe a hogar y cada visita se vive como en casa. Desde los almuerzos de siempre hasta el tardeo de los s\u00e1bados, aqu\u00ed se viene a disfrutar. SERVICIOS MEN\u00da Desayunos Raciones y&hellip;","jetpack_sharing_enabled":true,"_links":{"self":[{"href":"https:\/\/cafebarloschatos.es\/en\/wp-json\/wp\/v2\/pages\/1256","targetHints":{"allow":["GET"]}}],"collection":[{"href":"https:\/\/cafebarloschatos.es\/en\/wp-json\/wp\/v2\/pages"}],"about":[{"href":"https:\/\/cafebarloschatos.es\/en\/wp-json\/wp\/v2\/types\/page"}],"author":[{"embeddable":true,"href":"https:\/\/cafebarloschatos.es\/en\/wp-json\/wp\/v2\/users\/1"}],"replies":[{"embeddable":true,"href":"https:\/\/cafebarloschatos.es\/en\/wp-json\/wp\/v2\/comments?post=1256"}],"version-history":[{"count":27,"href":"https:\/\/cafebarloschatos.es\/en\/wp-json\/wp\/v2\/pages\/1256\/revisions"}],"predecessor-version":[{"id":1360,"href":"https:\/\/cafebarloschatos.es\/en\/wp-json\/wp\/v2\/pages\/1256\/revisions\/1360"}],"wp:attachment":[{"href":"https:\/\/cafebarloschatos.es\/en\/wp-json\/wp\/v2\/media?parent=1256"}],"curies":[{"name":"wp","href":"https:\/\/api.w.org\/{rel}","templated":true}]}}